{"id":1643,"date":"2023-11-29T19:44:15","date_gmt":"2023-11-29T18:44:15","guid":{"rendered":"https:\/\/piedrasbarro.com\/?post_type=product&#038;p=1643"},"modified":"2023-11-30T12:14:48","modified_gmt":"2023-11-30T11:14:48","slug":"taza-esmaltada-blanca","status":"publish","type":"product","link":"https:\/\/piedrasbarro.com\/index.php\/producto\/taza-esmaltada-blanca\/","title":{"rendered":"Taza esmaltada blanca"},"content":{"rendered":"<p><strong>Taza esmaltada Blanca.<\/strong><\/p>\n<p>Tu nueva taza favorita.<\/p>\n<p>En la taza esmaltada Piedrasbarro, el caf\u00e9 y el t\u00e9 saben de lujo, da igual donde est\u00e9s, en casa, al aire libre o cuando viajas.<\/p>\n<p>La combinaci\u00f3n de vidrio y acero da como resultado un material s\u00f3lido y f\u00e1cil de limpiar. La taza es muy robusta y al mismo tiempo ligera. La superficie esmaltada, es resistente al calor, a los ara\u00f1azos y cortes, no solo entusiasma a los amantes del t\u00e9 y caf\u00e9 sino tambi\u00e9n, a los nost\u00e1lgicos.<\/p>\n<p>Tanto en el camping, junto al fuego o en casa.<\/p>\n<p>Nunca m\u00e1s tomaras caf\u00e9 o t\u00e9 sin esta peque\u00f1a joya r\u00fastica.<\/p>\n<p><strong>Caracter\u00edsticas t\u00e9cnicas de la Taza:<\/strong><\/p>\n<ul>\n<li>Material: acero, esmaltado de color negro.<\/li>\n<li>Capacidad: aprox. 0,3 litros.<\/li>\n<li>Ancho x alto x profundo (cm): 11,5 x 8,1 x 9,1.<\/li>\n<li>Peso (g): 159.<\/li>\n<\/ul>\n","protected":false},"excerpt":{"rendered":"<p>La taza esmaltada es para todos los adictos al caf\u00e9 y amantes del t\u00e9 ya que la puedes poner directamente en el fuego.<\/p>\n<p>Tambi\u00e9n te mantendr\u00e1 la Coca-Cola fresquita.<\/p>\n<p>La hemos utilizado hasta para poner agua fresquita a nuestra mascota.<\/p>\n<p>La verdad es que si no tienes una de estas, no se lo que haces con tu vida.<\/p>\n","protected":false},"featured_media":1625,"comment_status":"open","ping_status":"closed","template":"","meta":{"site-sidebar-layout":"default","site-content-layout":"","ast-site-content-layout":"default","site-content-style":"default","site-sidebar-style":"default","ast-global-header-display":"","ast-banner-title-visibility":"","ast-main-header-display":"","ast-hfb-above-header-display":"","ast-hfb-below-header-display":"","ast-hfb-mobile-header-display":"","site-post-title":"","ast-breadcrumbs-content":"","ast-featured-img":"","footer-sml-layout":"","theme-transparent-header-meta":"default","adv-header-id-meta":"","stick-header-meta":"","header-above-stick-meta":"","header-main-stick-meta":"","header-below-stick-meta":"","astra-migrate-meta-layouts":"set","ast-page-background-enabled":"default","ast-page-background-meta":{"desktop":{"background-color":"var(--ast-global-color-4)","background-image":"","background-repeat":"repeat","background-position":"center center","background-size":"auto","background-attachment":"scroll","background-type":"","background-media":"","overlay-type":"","overlay-color":"","overlay-opacity":"","overlay-gradient":""},"tablet":{"background-color":"","background-image":"","background-repeat":"repeat","background-position":"center center","background-size":"auto","background-attachment":"scroll","background-type":"","background-media":"","overlay-type":"","overlay-color":"","overlay-opacity":"","overlay-gradient":""},"mobile":{"background-color":"","background-image":"","background-repeat":"repeat","background-position":"center center","background-size":"auto","background-attachment":"scroll","background-type":"","background-media":"","overlay-type":"","overlay-color":"","overlay-opacity":"","overlay-gradient":""}},"ast-content-background-meta":{"desktop":{"background-color":"var(--ast-global-color-5)","background-image":"","background-repeat":"repeat","background-position":"center center","background-size":"auto","background-attachment":"scroll","background-type":"","background-media":"","overlay-type":"","overlay-color":"","overlay-opacity":"","overlay-gradient":""},"tablet":{"background-color":"var(--ast-global-color-5)","background-image":"","background-repeat":"repeat","background-position":"center center","background-size":"auto","background-attachment":"scroll","background-type":"","background-media":"","overlay-type":"","overlay-color":"","overlay-opacity":"","overlay-gradient":""},"mobile":{"background-color":"var(--ast-global-color-5)","background-image":"","background-repeat":"repeat","background-position":"center center","background-size":"auto","background-attachment":"scroll","background-type":"","background-media":"","overlay-type":"","overlay-color":"","overlay-opacity":"","overlay-gradient":""}},"_joinchat":[]},"product_brand":[],"product_cat":[15],"product_tag":[27],"class_list":{"0":"post-1643","1":"product","2":"type-product","3":"status-publish","4":"has-post-thumbnail","6":"product_cat-sin-categorizar","7":"product_tag-taza-esmaltada-blanca-piedrasbarro","8":"desktop-align-left","9":"tablet-align-left","10":"mobile-align-left","12":"first","13":"instock","14":"sale","15":"taxable","16":"shipping-taxable","17":"purchasable","18":"product-type-simple"},"jetpack_sharing_enabled":true,"_links":{"self":[{"href":"https:\/\/piedrasbarro.com\/index.php\/wp-json\/wp\/v2\/product\/1643","targetHints":{"allow":["GET"]}}],"collection":[{"href":"https:\/\/piedrasbarro.com\/index.php\/wp-json\/wp\/v2\/product"}],"about":[{"href":"https:\/\/piedrasbarro.com\/index.php\/wp-json\/wp\/v2\/types\/product"}],"replies":[{"embeddable":true,"href":"https:\/\/piedrasbarro.com\/index.php\/wp-json\/wp\/v2\/comments?post=1643"}],"wp:featuredmedia":[{"embeddable":true,"href":"https:\/\/piedrasbarro.com\/index.php\/wp-json\/wp\/v2\/media\/1625"}],"wp:attachment":[{"href":"https:\/\/piedrasbarro.com\/index.php\/wp-json\/wp\/v2\/media?parent=1643"}],"wp:term":[{"taxonomy":"product_brand","embeddable":true,"href":"https:\/\/piedrasbarro.com\/index.php\/wp-json\/wp\/v2\/product_brand?post=1643"},{"taxonomy":"product_cat","embeddable":true,"href":"https:\/\/piedrasbarro.com\/index.php\/wp-json\/wp\/v2\/product_cat?post=1643"},{"taxonomy":"product_tag","embeddable":true,"href":"https:\/\/piedrasbarro.com\/index.php\/wp-json\/wp\/v2\/product_tag?post=1643"}],"curies":[{"name":"wp","href":"https:\/\/api.w.org\/{rel}","templated":true}]}}