{"id":1647,"date":"2023-11-30T11:57:31","date_gmt":"2023-11-30T10:57:31","guid":{"rendered":"https:\/\/piedrasbarro.com\/?post_type=product&#038;p=1647"},"modified":"2024-01-07T20:40:26","modified_gmt":"2024-01-07T19:40:26","slug":"sudadera-con-capucha","status":"publish","type":"product","link":"https:\/\/piedrasbarro.com\/index.php\/producto\/sudadera-con-capucha\/","title":{"rendered":"Sudadera con capucha"},"content":{"rendered":"<p>Sudadera con capucha Piedrasbarro, una leyenda que inspira a aventureros y entusiastas de la exploraci\u00f3n. Esta sudadera extremadamente c\u00f3moda, hecha de algod\u00f3n resistente y de calidad superior, es la tarjeta de visita perfecta para aquellos que aman moverse entre carreteras y trails de monta\u00f1a, buscando emociones aut\u00e9nticas.<\/p>\n<p>Esta sudadera unisex cl\u00e1sica con bolsillo frontal y un cord\u00f3n plano a juego es 100% de algod\u00f3n. \u00a1Es supersuave al tacto!<\/p>\n","protected":false},"excerpt":{"rendered":"<ul>\n<li>65% algod\u00f3n peinado en anillos, 35% poli\u00e9ster<\/li>\n<li>El tono GRIS es 55% algod\u00f3n hilado en anillos, 45% poli\u00e9ster<\/li>\n<li>Exterior de algod\u00f3n 100%<\/li>\n<li>Peso del tejido: 288,2 g\/m\u00b2 (8,5 oz\/yd\u00b2)<\/li>\n<li>Bolsillo frontal<\/li>\n<li>Cord\u00f3n plano a juego<\/li>\n<li>Capucha de 3 paneles<\/li>\n<\/ul>\n","protected":false},"featured_media":1660,"comment_status":"open","ping_status":"closed","template":"","meta":{"site-sidebar-layout":"default","site-content-layout":"","ast-site-content-layout":"default","site-content-style":"default","site-sidebar-style":"default","ast-global-header-display":"","ast-banner-title-visibility":"","ast-main-header-display":"","ast-hfb-above-header-display":"","ast-hfb-below-header-display":"","ast-hfb-mobile-header-display":"","site-post-title":"","ast-breadcrumbs-content":"","ast-featured-img":"","footer-sml-layout":"","theme-transparent-header-meta":"default","adv-header-id-meta":"","stick-header-meta":"","header-above-stick-meta":"","header-main-stick-meta":"","header-below-stick-meta":"","astra-migrate-meta-layouts":"set","ast-page-background-enabled":"default","ast-page-background-meta":{"desktop":{"background-color":"var(--ast-global-color-4)","background-image":"","background-repeat":"repeat","background-position":"center center","background-size":"auto","background-attachment":"scroll","background-type":"","background-media":"","overlay-type":"","overlay-color":"","overlay-opacity":"","overlay-gradient":""},"tablet":{"background-color":"","background-image":"","background-repeat":"repeat","background-position":"center center","background-size":"auto","background-attachment":"scroll","background-type":"","background-media":"","overlay-type":"","overlay-color":"","overlay-opacity":"","overlay-gradient":""},"mobile":{"background-color":"","background-image":"","background-repeat":"repeat","background-position":"center center","background-size":"auto","background-attachment":"scroll","background-type":"","background-media":"","overlay-type":"","overlay-color":"","overlay-opacity":"","overlay-gradient":""}},"ast-content-background-meta":{"desktop":{"background-color":"var(--ast-global-color-5)","background-image":"","background-repeat":"repeat","background-position":"center center","background-size":"auto","background-attachment":"scroll","background-type":"","background-media":"","overlay-type":"","overlay-color":"","overlay-opacity":"","overlay-gradient":""},"tablet":{"background-color":"var(--ast-global-color-5)","background-image":"","background-repeat":"repeat","background-position":"center center","background-size":"auto","background-attachment":"scroll","background-type":"","background-media":"","overlay-type":"","overlay-color":"","overlay-opacity":"","overlay-gradient":""},"mobile":{"background-color":"var(--ast-global-color-5)","background-image":"","background-repeat":"repeat","background-position":"center center","background-size":"auto","background-attachment":"scroll","background-type":"","background-media":"","overlay-type":"","overlay-color":"","overlay-opacity":"","overlay-gradient":""}},"_joinchat":[]},"product_brand":[],"product_cat":[50],"product_tag":[49],"class_list":{"0":"post-1647","1":"product","2":"type-product","3":"status-publish","4":"has-post-thumbnail","6":"product_cat-sudadera","7":"product_tag-sudadera-con-capucha-piedrasbarro","8":"desktop-align-left","9":"tablet-align-left","10":"mobile-align-left","12":"first","13":"instock","14":"sale","15":"taxable","16":"shipping-taxable","17":"purchasable","18":"product-type-variable"},"jetpack_sharing_enabled":true,"_links":{"self":[{"href":"https:\/\/piedrasbarro.com\/index.php\/wp-json\/wp\/v2\/product\/1647","targetHints":{"allow":["GET"]}}],"collection":[{"href":"https:\/\/piedrasbarro.com\/index.php\/wp-json\/wp\/v2\/product"}],"about":[{"href":"https:\/\/piedrasbarro.com\/index.php\/wp-json\/wp\/v2\/types\/product"}],"replies":[{"embeddable":true,"href":"https:\/\/piedrasbarro.com\/index.php\/wp-json\/wp\/v2\/comments?post=1647"}],"wp:featuredmedia":[{"embeddable":true,"href":"https:\/\/piedrasbarro.com\/index.php\/wp-json\/wp\/v2\/media\/1660"}],"wp:attachment":[{"href":"https:\/\/piedrasbarro.com\/index.php\/wp-json\/wp\/v2\/media?parent=1647"}],"wp:term":[{"taxonomy":"product_brand","embeddable":true,"href":"https:\/\/piedrasbarro.com\/index.php\/wp-json\/wp\/v2\/product_brand?post=1647"},{"taxonomy":"product_cat","embeddable":true,"href":"https:\/\/piedrasbarro.com\/index.php\/wp-json\/wp\/v2\/product_cat?post=1647"},{"taxonomy":"product_tag","embeddable":true,"href":"https:\/\/piedrasbarro.com\/index.php\/wp-json\/wp\/v2\/product_tag?post=1647"}],"curies":[{"name":"wp","href":"https:\/\/api.w.org\/{rel}","templated":true}]}}